{"id":44,"date":"2022-04-21T11:44:03","date_gmt":"2022-04-21T09:44:03","guid":{"rendered":"https:\/\/www.isleep-well.de\/?page_id=44"},"modified":"2024-02-05T13:49:48","modified_gmt":"2024-02-05T12:49:48","slug":"datenschutz","status":"publish","type":"page","link":"https:\/\/www.isleep-well.de\/?page_id=44","title":{"rendered":"Datenschutz"},"content":{"rendered":"<h1>Datenschutzerkl\u00e4rung<\/h1>\r\n\r\n<p>&#8222;iSleep well&#8220; ist ein Verbundprojekt, bestehend aus den Projektpartnern Universit\u00e4tsklinikum Freiburg, Leuphana Universit\u00e4t L\u00fcneburg, Technische Hochschule L\u00fcbeck, Technische Universit\u00e4t M\u00fcnchen und Otto-von-Guerike Universit\u00e4t Magdeburg. Das Forschungsprojekt wird mit Mitteln der Deutschen Forschungsgemeinschaft (DFG) gef\u00f6rdert.<\/p>\r\n\r\n<h3>1. Datenschutz<\/h3>\r\n<p>Wir legen besonderen Wert auf die Einhaltung der Datenschutzgesetze. Die einschl\u00e4gigen Datenschutzgesetze, insbesondere das Bundesdatenschutzgesetz (neu) und die EU-Datenschutz-Grundverordnung, werden von uns in vollem Umfang eingehalten. Die Verarbeitung der personenbezogenen Daten erfolgt ausschlie\u00dflich auf der Grundlage der einschl\u00e4gigen Gesetze und findet nur zu den unter Nr. 4 genannten Zwecken statt. Die Daten werden nur nach den Vorgaben dieser Datenschutzerkl\u00e4rung verarbeitet.<\/p>\r\n\r\n<h3>2. Kontaktdaten Datenschutz<\/h3>\r\n\r\n<h4>2a) Kontaktdaten Datenschutzbeauftragte der Technischen Hochschule L\u00fcbeck<\/h4>\r\n<p>Kirstin Vedder\r\n<br>Technische Hochschule L\u00fcbeck\r\n<br>M\u00f6nkhofer Weg 239\r\n<br>23562 L\u00fcbeck\r\n<\/p>\r\n<p><a href=\"mailto: datenschutz@th-luebeck.de\">E-Mail: datenschutz(at)th-luebeck.de <\/a><\/p>\r\n\r\n<h4>2b) Kontaktdaten Datenschutzbeauftragter der Leuphana Universit\u00e4t L\u00fcneburg<\/h4>\r\n<p>Thies Ove Zengel\r\n<br>Leuphana Universit\u00e4t L\u00fcneburg\r\n<br>Universit\u00e4tsallee 1, C40.M16\r\n<br>21335 L\u00fcneburg\r\n<\/p>\r\n<p><a href=\"mailto: datenschutz@leuphana.de\">E-Mail: datenschutz(at)leuphana.de <\/a><\/p>\r\n\r\n<h3>3. Datenerfassung<\/h3>\r\n<p>Wir erheben, speichern und verarbeiten zur Erf\u00fcllung der vertraglichen und gesetzlichen Regelungen folgende Daten:<\/p>\r\n\r\n<p>a.) Von Ihnen gemachte Angaben (eingereichte Informationen):<\/p>\r\n\r\n<p>Dabei handelt es sich um Daten, die Sie selbst zur Voranmeldung f\u00fcr die Studie angeben. Die von Ihnen gemachten Informationen umfassen bei oben Genanntem die Angabe einer E-Mail-Adresse. Wenn Sie uns kontaktieren, speichern wir eine Kopie der E-Mail-Korrespondenz bzw. f\u00fchren ein Protokoll zum Telefongespr\u00e4ch.<\/p>\r\n\r\n<p>Au\u00dferdem umfassen die von Ihnen gemachten Angaben Daten in den Eingabefeldern, die Sie bei der Nutzung eines Trainings bearbeiten (z.B. durch Anklicken von Antwortoptionen bzw. Texte, die Sie in Eingabefelder innerhalb der Trainings schreiben, um \u00dcbungen zu bearbeiten).<\/p>\r\n\r\n<p>b.) Daten, die \u00fcber Sie und die Nutzung von &#8222;iSleep well&#8220; automatisch erhoben werden:<\/p>\r\n\r\n<p>Wir erfassen folgende Basisangaben zur Nutzung von &#8222;iSleep well&#8220;:<\/p>\r\n<ul>\r\n \t<li>Registrierungsdatum<\/li>\r\n \t<li>Datum des letzten Logins<\/li>\r\n \t<li>Browsertyp und Browserversion<\/li>\r\n \t<li>Verwendetes Betriebssystem<\/li>\r\n \t<li>Ger\u00e4tetyp<\/li>\r\n \t<li>IP-Adresse<\/li>\r\n \t<li>H\u00e4ufigkeit und Zeitpunkte der Nutzung von &#8222;iSleep well&#8220;<\/li>\r\n \t<li>Zeitpunkt der Daten\u00fcbertragung an unseren Server<\/li>\r\n \t<li>Zuletzt bearbeitete Trainingseinheiten<\/li>\r\n<\/ul>\r\n<div id=\"cookie_anchor\"><\/div>\r\n<style>\r\n#cookie_anchor{display:block; position:relative; top:-80px; visibility:hidden;}<br \/>\r\n<\/style>\r\n<h4>Cookies<\/h4>\r\n<p>Die Internetseiten verwenden teilweise so genannte Cookies. Cookies richten auf Ihrem Rechner keinen Schaden an und enthalten keine Viren. Cookies dienen dazu, unser Angebot nutzerfreundlicher, effektiver und sicherer zu machen. Cookies sind kleine Textdateien, die auf Ihrem Rechner abgelegt werden und die Ihr Browser speichert.<\/p>\r\n\r\n<p>Wir setzen nur technisch notwendige Cookies ein, welche die Funktionalit\u00e4t der Seite gew\u00e4hrleisten. Folgende Cookies werden auf dieser Webseite genutzt:<\/p>\r\n\r\n\r\n<table class=\"table\">\r\n<thead>\r\n<tr>\r\n<th>Name des Cookies<\/th>\r\n<th>Funktion des Cookies<\/th>\r\n<\/tr>\r\n<\/thead>\r\n<tbody>\r\n<tr>\r\n<td>wp-settings-{user_id}<\/td>\r\n<td>Aufrechterhaltung der wp-admin-Konfiguration eines Benutzers<\/td>\r\n<\/tr>\r\n<tr>\r\n<td>wordpress_logged_in_{hash}<\/td>\r\n<td>Merken der Benutzer-Sitzung<\/td>\r\n<\/tr>\r\n<tr>\r\n<td>wordpress_test_cookie<\/td>\r\n<td>Test, ob ein Cookie gesetzt werden kann<\/td>\r\n<\/tr>\r\n<tr>\r\n<td>wp-settings-time-{user}<\/td>\r\n<td>Gibt Zeitpunkt des Setzens von wp-settings-{user} an<\/td>\r\n<\/tr>\r\n<tr>\r\n<td>cookie_notice_accepted<\/td>\r\n<td>Speichert, ob der Benutzer den Cookie-Hinweis best\u00e4tigt hat.<\/td>\r\n<\/tr>\r\n<tr>\r\n<td>wordpress_sec_{has}<\/td>\r\n<td>Speicherung von Authentifizierungsdaten.<\/td>\r\n<\/tr>\r\n<\/tbody>\r\n<\/table>\r\n<h3>4. Zweck der Datenverarbeitung<\/h3>\r\n<p>Wir verarbeiten die in Nr. 3 genannten Daten ausschlie\u00dflich, um das Projektziel, i. e. die Nutzung der Online-Plattform, zu erf\u00fcllen. Der Nutzer kann diese Daten selbstst\u00e4ndig l\u00f6schen. Nach L\u00f6schung der Daten hat der Nutzer keinen Zugang mehr zur Online-Plattform.\r\nTexte, die Nutzer innerhalb der Trainings erstellen, werden gespeichert, um das Projektziel, i. e. die M\u00f6glichkeit zur Nutzung der Online-Trainings, zu erf\u00fcllen. Der Nutzer kann diese Daten selbstst\u00e4ndig ohne Angabe von Gr\u00fcnden l\u00f6schen. Inhalte aus E-Mails dienen dem technischen Support und der Erf\u00fcllung des Projektziels, i. e. der Beantwortung von Fragen im Laufe der Trainingsteilnahme.<\/p>\r\n\r\n<h3>5. Daten\u00fcbermittlung<\/h3>\r\n<p>Die hier beschriebenen personenbezogenen Daten geben wir nur weiter, soweit dies zur Bereitstellung unserer Dienste erforderlich ist. Diese Dritten sind neben ihrer gesetzlichen Verpflichtung zur Einhaltung aller Datenschutzbestimmungen durch uns an weitere vertragliche Vorgaben zum Datenschutz gebunden. Regelm\u00e4\u00dfig umfassen diese eine Verpflichtung als Auftragsverarbeiter nach Art. 28 Absatz 3 DSGVO. Im Rahmen dieses Forschungsprojektes ist weder eine Speicherung noch eine Verarbeitung durch Dritte vorgesehen.<\/p>\r\n\r\n<p>Im \u00dcbrigen \u00fcbermitteln wir personenbezogenen Daten an Dritte nur, sofern hierf\u00fcr eine gesetzliche Erlaubnis besteht oder Sie zuvor eingewilligt haben (siehe Art. 6 Absatz 1 Buchstaben a DSGVO). Eine ggf. erteilte Einwilligung k\u00f6nnen Sie jederzeit mit Wirkung f\u00fcr die Zukunft widerrufen.<\/p>\r\n\r\n<h3>6. Daten\u00fcbermittlung in ein Drittland<\/h3>\r\n<p>Eine Daten\u00fcbermittlung in Drittl\u00e4nder findet nicht statt und ist auch nicht geplant.<\/p>\r\n\r\n<h3>7. L\u00f6schfristen<\/h3>\r\n<p>Die gespeicherten personenbezogenen Daten werden nach Wegfall der in Nr. 4 genannten Zwecke bzw. nach Ablauf evtl. gesetzlicher Aufbewahrungsfristen gel\u00f6scht bzw. anonymisiert.<\/p>\r\n\r\n<h3>8. Rechte der betroffenen Person<\/h3>\r\n<p>Sie haben ein Recht darauf,<\/p>\r\n<ul>\r\n<li>eine Einwilligung zu widerrufen oder der Verarbeitung Ihrer Daten zu widersprechen.<\/li>\r\n<li>Auskunft \u00fcber Ihre bei uns gespeicherten Daten zu erhalten.<\/li>\r\n<li>dass unrichtige Daten \u00fcber Sie bei uns berichtigt werden.<\/li>\r\n<li>dass nicht mehr erforderliche Daten \u00fcber Sie bei uns gel\u00f6scht werden.<\/li>\r\n<li>dass unter bestimmten Bedingungen die Verarbeitung Ihrer Daten eingeschr\u00e4nkt wird. Das kann beispielsweise der Fall sein, wenn z. B. eine L\u00f6schung nicht m\u00f6glich ist, die Daten aber nicht weiter verarbeitet werden d\u00fcrfen.<\/li>\r\n<li>dass Ihre Daten \u00fcbertragbar sind.<\/li>\r\n<\/ul>\r\n<p>Wenn Sie der Meinung sind, dass die Verarbeitung Ihrer Daten gegen die gesetzlichen Vorgaben verst\u00f6\u00dft, k\u00f6nnen Sie sich direkt an eine Aufsichtsbeh\u00f6rde wenden. \r\nF\u00fcr alle Fragen zum Datenschutz k\u00f6nnen Sie an die unter 2. genannten Kontakte wenden.<\/p><div class=\"modal fade\" id=\"inactive-modal\" data-userlogged =\"0\"  role=\"dialog\" aria-labelledby=\"inactive-modal-label\"\n    aria-hidden=\"true\" hidden style=\"overflow: auto;\">\n    <div class=\"modal-dialog modal-lg modal-dialog-centered\" role=\"document\">\n        <div class=\"modal-content\">\n            <div class=\"modal-header\">\n                <h3 class=\"modal-title\" id=\"inactive-modal-title-label\">Zeit\u00fcberschreitung der Browsersitzung<\/h3>\n                <button type=\"button\" class=\"close\" data-dismiss=\"modal\" aria-label=\"Close\">\n                    <span aria-hidden=\"true\">&times;<\/span>\n                <\/button>\n            <\/div>\n            <div class=\"modal-body\">\n              <p class=\"mb-0\">Sie haben das System l\u00e4ngere Zeit nicht mehr genutzt. Aus Sicherheitsgr\u00fcnden werden Sie automatisch aus dem System abgemeldet.\n              <\/p>\n            <\/div>\n            <div class=\"modal-footer\">\n                    <button type=\"button\" class=\"btn btn-secondary mr-auto\" data-dismiss=\"modal\" style=\"float: left;\">Abbrechen<\/button>\n                    <button id=\"continue-session\" type=\"button\" class=\"btn btn-primary\" data-dismiss=\"modal\">Sitzung fortsetzen <span class=\"countdown\"><\/span><\/button>\n            <\/div>\n        <\/div>\n    <\/div>\n<\/div>\n\n\n<div class=\"modal fade\" id=\"logged-out-modal\" role=\"dialog\" aria-labelledby=\"logged-out-modal-label\"\n    aria-hidden=\"true\" hidden style=\"overflow: auto;\">\n    <div class=\"modal-dialog modal-lg modal-dialog-centered\" role=\"document\">\n        <div class=\"modal-content\">\n            <div class=\"modal-header\">\n                <h3 class=\"modal-title\" id=\"logged-out-modal-title-label\">Zeit\u00fcberschreitung der Browsersitzung<\/h3>\n                <button type=\"button\" class=\"close\" data-dismiss=\"modal\" aria-label=\"Close\">\n                    <span aria-hidden=\"true\">&times;<\/span>\n                <\/button>\n            <\/div>\n            <div class=\"modal-body\">\n              <p class=\"mb-0\">Sie haben das System l\u00e4ngere Zeit nicht mehr genutzt. Zu Ihrer eigenen Sicherheit wurden Sie daher automatisch aus dem System abgemeldet.\n              <\/p>\n            <\/div>\n            <div class=\"modal-footer\">\n                <a id=\"continue-session-done\" href=\"https:\/\/www.isleep-well.de\" role=\"button\" class=\"btn btn-primary\">Zur Startseite<\/a>\n            <\/div>\n        <\/div>\n    <\/div>\n<\/div> ","protected":false},"excerpt":{"rendered":"Datenschutzerkl\u00e4rung &#8222;iSleep well&#8220; ist ein Verbundprojekt, bestehend aus den Projektpartnern Universit\u00e4tsklinikum Freiburg, Leuphana Universit\u00e4t L\u00fcneburg, Technische Hochschule L\u00fcbeck, Technische Universit\u00e4t M\u00fcnchen und Otto-von-Guerike Universit\u00e4t Magdeburg. Das Forschungsprojekt wird mit Mitteln der Deutschen Forschungsgemeinschaft (DFG) gef\u00f6rdert. 1. Datenschutz Wir legen besonderen Wert auf die Einhaltung der Datenschutzgesetze. Die einschl\u00e4gigen Datenschutzgesetze, insbesondere das Bundesdatenschutzgesetz (neu) und die&hellip;","protected":false},"author":1,"featured_media":0,"parent":0,"menu_order":0,"comment_status":"closed","ping_status":"closed","template":"","meta":{"footnotes":""},"class_list":["post-44","page","type-page","status-publish","hentry"],"_links":{"self":[{"href":"https:\/\/www.isleep-well.de\/index.php?rest_route=\/wp\/v2\/pages\/44","targetHints":{"allow":["GET"]}}],"collection":[{"href":"https:\/\/www.isleep-well.de\/index.php?rest_route=\/wp\/v2\/pages"}],"about":[{"href":"https:\/\/www.isleep-well.de\/index.php?rest_route=\/wp\/v2\/types\/page"}],"author":[{"embeddable":true,"href":"https:\/\/www.isleep-well.de\/index.php?rest_route=\/wp\/v2\/users\/1"}],"replies":[{"embeddable":true,"href":"https:\/\/www.isleep-well.de\/index.php?rest_route=%2Fwp%2Fv2%2Fcomments&post=44"}],"version-history":[{"count":20,"href":"https:\/\/www.isleep-well.de\/index.php?rest_route=\/wp\/v2\/pages\/44\/revisions"}],"predecessor-version":[{"id":14331,"href":"https:\/\/www.isleep-well.de\/index.php?rest_route=\/wp\/v2\/pages\/44\/revisions\/14331"}],"wp:attachment":[{"href":"https:\/\/www.isleep-well.de\/index.php?rest_route=%2Fwp%2Fv2%2Fmedia&parent=44"}],"curies":[{"name":"wp","href":"https:\/\/api.w.org\/{rel}","templated":true}]}}